{"id":471,"date":"2026-01-30T16:34:53","date_gmt":"2026-01-30T16:34:53","guid":{"rendered":"https:\/\/www.douglasequipment.com\/?page_id=471"},"modified":"2026-01-30T17:08:40","modified_gmt":"2026-01-30T17:08:40","slug":"nosotros","status":"publish","type":"page","link":"https:\/\/www.douglasequipment.com\/index.php\/es\/nosotros\/","title":{"rendered":"Nosotros"},"content":{"rendered":"\t\t<div data-elementor-type=\"wp-page\" data-elementor-id=\"471\" class=\"elementor elementor-471\" data-elementor-post-type=\"page\">\n\t\t\t\t<div class=\"elementor-element elementor-element-38b65c2 e-flex e-con-boxed e-con e-parent\" data-id=\"38b65c2\" data-element_type=\"container\" data-settings=\"{&quot;background_background&quot;:&quot;classic&quot;}\">\n\t\t\t\t\t<div class=\"e-con-inner\">\n\t\t\t\t<div class=\"elementor-element elementor-element-9fb908e elementor-widget elementor-widget-heading\" data-id=\"9fb908e\" data-element_type=\"widget\" data-widget_type=\"heading.default\">\n\t\t\t\t\t<h2 class=\"elementor-heading-title elementor-size-default\">Una Trayectoria de Experiencia en Soluciones de Movilidad Industrial\n<\/h2>\t\t\t\t<\/div>\n\t\t\t\t\t<\/div>\n\t\t\t\t<\/div>\n\t\t<div class=\"elementor-element elementor-element-765e458 e-flex e-con-boxed e-con e-parent\" data-id=\"765e458\" data-element_type=\"container\">\n\t\t\t\t\t<div class=\"e-con-inner\">\n\t\t<div class=\"elementor-element elementor-element-04ce884 e-con-full e-flex e-con e-child\" data-id=\"04ce884\" data-element_type=\"container\">\n\t\t\t\t<div class=\"elementor-element elementor-element-9b75280 elementor-widget__width-initial elementor-widget elementor-widget-image\" data-id=\"9b75280\" data-element_type=\"widget\" data-widget_type=\"image.default\">\n\t\t\t\t\t\t\t\t\t\t\t\t\t\t\t<img fetchpriority=\"high\" decoding=\"async\" width=\"555\" height=\"416\" src=\"https:\/\/www.douglasequipment.com\/wp-content\/uploads\/2026\/01\/about.png\" class=\"attachment-large size-large wp-image-320\" alt=\"\" srcset=\"https:\/\/www.douglasequipment.com\/wp-content\/uploads\/2026\/01\/about.png 555w, https:\/\/www.douglasequipment.com\/wp-content\/uploads\/2026\/01\/about-300x225.png 300w\" sizes=\"(max-width: 555px) 100vw, 555px\" \/>\t\t\t\t\t\t\t\t\t\t\t\t\t\t\t<\/div>\n\t\t\t\t<\/div>\n\t\t<div class=\"elementor-element elementor-element-601a018 e-con-full e-flex e-con e-child\" data-id=\"601a018\" data-element_type=\"container\" data-settings=\"{&quot;background_background&quot;:&quot;classic&quot;}\">\n\t\t\t\t<div class=\"elementor-element elementor-element-0438569 elementor-widget__width-initial elementor-widget elementor-widget-text-editor\" data-id=\"0438569\" data-element_type=\"widget\" data-widget_type=\"text-editor.default\">\n\t\t\t\t\t\t\t\t\t<p>Douglas Equipment Company: Confiables Desde 1955<\/p>\t\t\t\t\t\t\t\t<\/div>\n\t\t\t\t<div class=\"elementor-element elementor-element-5ceb651 elementor-widget elementor-widget-text-editor\" data-id=\"5ceb651\" data-element_type=\"widget\" data-widget_type=\"text-editor.default\">\n\t\t\t\t\t\t\t\t\t<p><span style=\"font-weight: 400;\">Fundada en 1955, Douglas Equipment Company ha dedicado m\u00e1s de seis d\u00e9cadas a ayudar a las empresas a resolver desaf\u00edos complejos de movilidad industrial. Lo que comenz\u00f3 como una operaci\u00f3n local se ha convertido en un socio industrial confiable para compa\u00f1\u00edas de m\u00faltiples sectores, impulsado por la experiencia t\u00e9cnica, la confiabilidad y relaciones comerciales de largo plazo.<\/span><\/p>\t\t\t\t\t\t\t\t<\/div>\n\t\t\t\t<\/div>\n\t\t\t\t\t<\/div>\n\t\t\t\t<\/div>\n\t\t<div class=\"elementor-element elementor-element-812c5e4 e-flex e-con-boxed e-con e-parent\" data-id=\"812c5e4\" data-element_type=\"container\">\n\t\t\t\t\t<div class=\"e-con-inner\">\n\t\t<div class=\"elementor-element elementor-element-37a2c0c e-con-full e-flex e-con e-child\" data-id=\"37a2c0c\" data-element_type=\"container\">\n\t\t<div class=\"elementor-element elementor-element-2cacab4 e-con-full e-flex e-con e-child\" data-id=\"2cacab4\" data-element_type=\"container\">\n\t\t\t\t<div class=\"elementor-element elementor-element-97319bf elementor-widget__width-initial elementor-widget elementor-widget-text-editor\" data-id=\"97319bf\" data-element_type=\"widget\" data-widget_type=\"text-editor.default\">\n\t\t\t\t\t\t\t\t\t<p>M\u00e1s Que un Proveedor: Un Socio en Movilidad Industrial<\/p>\t\t\t\t\t\t\t\t<\/div>\n\t\t\t\t<div class=\"elementor-element elementor-element-6274295 elementor-widget__width-initial elementor-widget elementor-widget-text-editor\" data-id=\"6274295\" data-element_type=\"widget\" data-widget_type=\"text-editor.default\">\n\t\t\t\t\t\t\t\t\t<p>No solo vendemos equipos: ayudamos a nuestros clientes a tomar las decisiones correctas. Nuestro equipo trabaja de cerca con cada empresa para comprender los requerimientos de carga, los entornos de operaci\u00f3n, las consideraciones de seguridad y las necesidades de rendimiento a largo plazo, antes de recomendar una soluci\u00f3n.<\/p>\t\t\t\t\t\t\t\t<\/div>\n\t\t\t\t<\/div>\n\t\t\t\t<\/div>\n\t\t<div class=\"elementor-element elementor-element-899e1fb e-con-full e-flex e-con e-child\" data-id=\"899e1fb\" data-element_type=\"container\">\n\t\t<div class=\"elementor-element elementor-element-a515ece e-con-full e-flex e-con e-child\" data-id=\"a515ece\" data-element_type=\"container\">\n\t\t\t\t<div class=\"elementor-element elementor-element-b1efd8b elementor-widget__width-initial elementor-widget elementor-widget-text-editor\" data-id=\"b1efd8b\" data-element_type=\"widget\" data-widget_type=\"text-editor.default\">\n\t\t\t\t\t\t\t\t\t<p>Calidad Respaldada por Fabricantes L\u00edderes de la Industria<\/p>\t\t\t\t\t\t\t\t<\/div>\n\t\t\t\t<div class=\"elementor-element elementor-element-b883916 elementor-widget__width-initial elementor-widget elementor-widget-text-editor\" data-id=\"b883916\" data-element_type=\"widget\" data-widget_type=\"text-editor.default\">\n\t\t\t\t\t\t\t\t\t<p>Douglas Equipment trabaja exclusivamente con fabricantes confiables, reconocidos por su calidad de fabricaci\u00f3n y desempe\u00f1o consistente. Como distribuidor autorizado de marcas l\u00edderes, respaldamos cada producto que recomendamos y supervisamos de cerca los procesos de fabricaci\u00f3n para garantizar los m\u00e1s altos est\u00e1ndares de calidad y confiabilidad.<\/p>\t\t\t\t\t\t\t\t<\/div>\n\t\t\t\t<\/div>\n\t\t\t\t<\/div>\n\t\t\t\t\t<\/div>\n\t\t\t\t<\/div>\n\t\t<div class=\"elementor-element elementor-element-61ca7a9 e-flex e-con-boxed e-con e-parent\" data-id=\"61ca7a9\" data-element_type=\"container\" data-settings=\"{&quot;background_background&quot;:&quot;classic&quot;}\">\n\t\t\t\t\t<div class=\"e-con-inner\">\n\t\t\t\t<div class=\"elementor-element elementor-element-d7d3f96 elementor-widget__width-initial elementor-widget elementor-widget-text-editor\" data-id=\"d7d3f96\" data-element_type=\"widget\" data-widget_type=\"text-editor.default\">\n\t\t\t\t\t\t\t\t\t<p>Construimos relaciones en base a la Movilidad Industrial<\/p>\t\t\t\t\t\t\t\t<\/div>\n\t\t\t\t<div class=\"elementor-element elementor-element-5f22dbc elementor-widget__width-initial elementor-widget elementor-widget-text-editor\" data-id=\"5f22dbc\" data-element_type=\"widget\" data-widget_type=\"text-editor.default\">\n\t\t\t\t\t\t\t\t\t<p>Ya sea que su proyecto sea peque\u00f1o, de gran escala o altamente especializado, nuestro enfoque es siempre el mismo: entregar soluciones confiables y superar expectativas. Creemos que el \u00e9xito a largo plazo se basa en la confianza, la experiencia y en respaldar nuestro trabajo en cada etapa del proceso.<\/p>\t\t\t\t\t\t\t\t<\/div>\n\t\t\t\t<div class=\"elementor-element elementor-element-3eb3398 elementor-align-center elementor-widget__width-inherit elementor-widget-mobile__width-initial elementor-widget elementor-widget-button\" data-id=\"3eb3398\" data-element_type=\"widget\" data-widget_type=\"button.default\">\n\t\t\t\t\t\t\t\t\t\t<a class=\"elementor-button elementor-button-link elementor-size-sm\" href=\"https:\/\/www.douglasequipment.com\/index.php\/contact-us\/\">\n\t\t\t\t\t\t<span class=\"elementor-button-content-wrapper\">\n\t\t\t\t\t\t\t\t\t<span class=\"elementor-button-text\">Contacte a un especialista.<\/span>\n\t\t\t\t\t<\/span>\n\t\t\t\t\t<\/a>\n\t\t\t\t\t\t\t\t<\/div>\n\t\t\t\t\t<\/div>\n\t\t\t\t<\/div>\n\t\t\t\t<\/div>\n\t\t","protected":false},"excerpt":{"rendered":"<p>Una Trayectoria de Experiencia en Soluciones de Movilidad Industrial Douglas Equipment Company: Confiables Desde 1955 Fundada en 1955, Douglas Equipment Company ha dedicado m\u00e1s de seis d\u00e9cadas a ayudar a las empresas a resolver desaf\u00edos complejos de movilidad industrial. Lo que comenz\u00f3 como una operaci\u00f3n local se ha convertido en un socio industrial confiable para [&hellip;]<\/p>\n","protected":false},"author":1,"featured_media":0,"parent":0,"menu_order":0,"comment_status":"closed","ping_status":"closed","template":"elementor_header_footer","meta":{"footnotes":""},"class_list":["post-471","page","type-page","status-publish","hentry"],"_links":{"self":[{"href":"https:\/\/www.douglasequipment.com\/index.php\/wp-json\/wp\/v2\/pages\/471","targetHints":{"allow":["GET"]}}],"collection":[{"href":"https:\/\/www.douglasequipment.com\/index.php\/wp-json\/wp\/v2\/pages"}],"about":[{"href":"https:\/\/www.douglasequipment.com\/index.php\/wp-json\/wp\/v2\/types\/page"}],"author":[{"embeddable":true,"href":"https:\/\/www.douglasequipment.com\/index.php\/wp-json\/wp\/v2\/users\/1"}],"replies":[{"embeddable":true,"href":"https:\/\/www.douglasequipment.com\/index.php\/wp-json\/wp\/v2\/comments?post=471"}],"version-history":[{"count":0,"href":"https:\/\/www.douglasequipment.com\/index.php\/wp-json\/wp\/v2\/pages\/471\/revisions"}],"wp:attachment":[{"href":"https:\/\/www.douglasequipment.com\/index.php\/wp-json\/wp\/v2\/media?parent=471"}],"curies":[{"name":"wp","href":"https:\/\/api.w.org\/{rel}","templated":true}]}}